{"id":100000000002647,"date":"2024-04-07T22:24:43","date_gmt":"2024-04-07T20:24:43","guid":{"rendered":"https:\/\/kastelgroup.ro\/?page_id=100000000002647"},"modified":"2024-04-08T12:46:24","modified_gmt":"2024-04-08T10:46:24","slug":"autori","status":"publish","type":"page","link":"https:\/\/kastelgroup.ro\/en\/autori\/","title":{"rendered":"Autori"},"content":{"rendered":"\t\t<div data-elementor-type=\"wp-page\" data-elementor-id=\"100000000002647\" class=\"elementor elementor-100000000002647\">\n\t\t\t\t\t\t<section class=\"elementor-section elementor-top-section elementor-element elementor-element-ce2d41e elementor-section-full_width elementor-section-stretched elementor-section-height-default elementor-section-height-default\" data-id=\"ce2d41e\" data-element_type=\"section\" data-settings=\"{&quot;stretch_section&quot;:&quot;section-stretched&quot;,&quot;background_background&quot;:&quot;classic&quot;}\">\n\t\t\t\t\t\t<div class=\"elementor-container elementor-column-gap-default\">\n\t\t\t\t\t<div class=\"elementor-column elementor-col-100 elementor-top-column elementor-element elementor-element-189f2f5\" data-id=\"189f2f5\" data-element_type=\"column\">\n\t\t\t<div class=\"elementor-widget-wrap elementor-element-populated\">\n\t\t\t\t\t\t<div class=\"elementor-element elementor-element-b2bbb0c gloock elementor-widget elementor-widget-heading\" data-id=\"b2bbb0c\" data-element_type=\"widget\" data-widget_type=\"heading.default\">\n\t\t\t\t<div class=\"elementor-widget-container\">\n\t\t\t<h1 class=\"elementor-heading-title elementor-size-default\">Autori Kastel News<\/h1>\t\t<\/div>\n\t\t\t\t<\/div>\n\t\t\t\t\t<\/div>\n\t\t<\/div>\n\t\t\t\t\t<\/div>\n\t\t<\/section>\n\t\t\t\t<section class=\"elementor-section elementor-top-section elementor-element elementor-element-3d37eeb elementor-section-content-middle rand-autor elementor-section-boxed elementor-section-height-default elementor-section-height-default\" data-id=\"3d37eeb\" data-element_type=\"section\">\n\t\t\t\t\t\t<div class=\"elementor-container elementor-column-gap-default\">\n\t\t\t\t\t<div class=\"elementor-column elementor-col-50 elementor-top-column elementor-element elementor-element-d32b6fe\" data-id=\"d32b6fe\" data-element_type=\"column\">\n\t\t\t<div class=\"elementor-widget-wrap elementor-element-populated\">\n\t\t\t\t\t\t<div class=\"elementor-element elementor-element-f478c32 elementor-widget elementor-widget-image\" data-id=\"f478c32\" data-element_type=\"widget\" data-widget_type=\"image.default\">\n\t\t\t\t<div class=\"elementor-widget-container\">\n\t\t\t\t\t\t\t\t\t\t\t\t\t\t<a href=\"https:\/\/kastelgroup.ro\/autori\/beatrice-bungo\/\">\n\t\t\t\t\t\t\t<img fetchpriority=\"high\" decoding=\"async\" width=\"1200\" height=\"1200\" src=\"https:\/\/kastelgroup.ro\/wp-content\/uploads\/2023\/09\/beatrice-bungo-content-manager.jpg\" class=\"attachment-full size-full wp-image-100000000002188\" alt=\"Beatrice Bungo - Content creator Kastel News\" srcset=\"https:\/\/kastelgroup.ro\/wp-content\/uploads\/2023\/09\/beatrice-bungo-content-manager.jpg 1200w, https:\/\/kastelgroup.ro\/wp-content\/uploads\/2023\/09\/beatrice-bungo-content-manager-300x300.jpg 300w, https:\/\/kastelgroup.ro\/wp-content\/uploads\/2023\/09\/beatrice-bungo-content-manager-1024x1024.jpg 1024w, https:\/\/kastelgroup.ro\/wp-content\/uploads\/2023\/09\/beatrice-bungo-content-manager-150x150.jpg 150w, https:\/\/kastelgroup.ro\/wp-content\/uploads\/2023\/09\/beatrice-bungo-content-manager-768x768.jpg 768w, https:\/\/kastelgroup.ro\/wp-content\/uploads\/2023\/09\/beatrice-bungo-content-manager-220x220.jpg 220w\" sizes=\"(max-width: 1200px) 100vw, 1200px\" \/>\t\t\t\t\t\t\t\t<\/a>\n\t\t\t\t\t\t\t\t\t\t\t\t\t<\/div>\n\t\t\t\t<\/div>\n\t\t\t\t\t<\/div>\n\t\t<\/div>\n\t\t\t\t<div class=\"elementor-column elementor-col-50 elementor-top-column elementor-element elementor-element-cbb8fcc\" data-id=\"cbb8fcc\" data-element_type=\"column\">\n\t\t\t<div class=\"elementor-widget-wrap elementor-element-populated\">\n\t\t\t\t\t\t<div class=\"elementor-element elementor-element-72a28ae gloock elementor-widget elementor-widget-heading\" data-id=\"72a28ae\" data-element_type=\"widget\" data-widget_type=\"heading.default\">\n\t\t\t\t<div class=\"elementor-widget-container\">\n\t\t\t<h2 class=\"elementor-heading-title elementor-size-default\"><a href=\"https:\/\/kastelgroup.ro\/autori\/beatrice-bungo\/\">Beatrice Bungo<\/a><\/h2>\t\t<\/div>\n\t\t\t\t<\/div>\n\t\t\t\t<div class=\"elementor-element elementor-element-ad8d064 elementor-widget elementor-widget-text-editor\" data-id=\"ad8d064\" data-element_type=\"widget\" data-widget_type=\"text-editor.default\">\n\t\t\t\t<div class=\"elementor-widget-container\">\n\t\t\t\t\t\t\t<p>Beatrice Bungo aduce un bagaj impresionant de experien\u021b\u0103 \u0219i pasiune \u00een echipa Kastel Group, consolid\u00e2nd identitatea brandului prin pove\u0219ti captivante \u0219i con\u021binut inovator. Cu r\u0103d\u0103cini \u00een jurnalism, Beatrice a \u00eembr\u0103\u021bi\u0219at scrisul ca pe prima sa dragoste, o form\u0103 de exprimare care \u00eei permite s\u0103 exploreze at\u00e2t dimensiuni personale, c\u00e2t \u0219i teme profesionale cu o sinceritate \u0219i o profunzime remarcabile.<\/p>\t\t\t\t\t\t<\/div>\n\t\t\t\t<\/div>\n\t\t\t\t<div class=\"elementor-element elementor-element-6760e42 elementor-widget elementor-widget-image\" data-id=\"6760e42\" data-element_type=\"widget\" data-widget_type=\"image.default\">\n\t\t\t\t<div class=\"elementor-widget-container\">\n\t\t\t\t\t\t\t\t\t\t\t\t\t\t<a href=\"https:\/\/kastelgroup.ro\/autori\/beatrice-bungo\/\">\n\t\t\t\t\t\t\t<img decoding=\"async\" src=\"https:\/\/kastelgroup.ro\/wp-content\/uploads\/2023\/06\/Group-219.svg\" class=\"attachment-full size-full wp-image-100000000001934\" alt=\"access arrow\" \/>\t\t\t\t\t\t\t\t<\/a>\n\t\t\t\t\t\t\t\t\t\t\t\t\t<\/div>\n\t\t\t\t<\/div>\n\t\t\t\t\t<\/div>\n\t\t<\/div>\n\t\t\t\t\t<\/div>\n\t\t<\/section>\n\t\t\t\t<section class=\"elementor-section elementor-top-section elementor-element elementor-element-4402f13 elementor-section-content-middle rand-autor elementor-section-boxed elementor-section-height-default elementor-section-height-default\" data-id=\"4402f13\" data-element_type=\"section\">\n\t\t\t\t\t\t<div class=\"elementor-container elementor-column-gap-default\">\n\t\t\t\t\t<div class=\"elementor-column elementor-col-50 elementor-top-column elementor-element elementor-element-4897966\" data-id=\"4897966\" data-element_type=\"column\">\n\t\t\t<div class=\"elementor-widget-wrap elementor-element-populated\">\n\t\t\t\t\t\t<div class=\"elementor-element elementor-element-7ac908e elementor-widget elementor-widget-image\" data-id=\"7ac908e\" data-element_type=\"widget\" data-widget_type=\"image.default\">\n\t\t\t\t<div class=\"elementor-widget-container\">\n\t\t\t\t\t\t\t\t\t\t\t\t\t\t<a href=\"https:\/\/kastelgroup.ro\/autori\/pompei-mititean\/\">\n\t\t\t\t\t\t\t<img decoding=\"async\" width=\"1585\" height=\"1982\" src=\"https:\/\/kastelgroup.ro\/wp-content\/uploads\/2024\/04\/Business-Pompei-Mititean-124.jpeg\" class=\"attachment-full size-full wp-image-100000000002649\" alt=\"Pompei Mititean - Autor Kastel Group\" srcset=\"https:\/\/kastelgroup.ro\/wp-content\/uploads\/2024\/04\/Business-Pompei-Mititean-124.jpeg 1585w, https:\/\/kastelgroup.ro\/wp-content\/uploads\/2024\/04\/Business-Pompei-Mititean-124-240x300.jpeg 240w, https:\/\/kastelgroup.ro\/wp-content\/uploads\/2024\/04\/Business-Pompei-Mititean-124-819x1024.jpeg 819w, https:\/\/kastelgroup.ro\/wp-content\/uploads\/2024\/04\/Business-Pompei-Mititean-124-768x960.jpeg 768w, https:\/\/kastelgroup.ro\/wp-content\/uploads\/2024\/04\/Business-Pompei-Mititean-124-1228x1536.jpeg 1228w\" sizes=\"(max-width: 1585px) 100vw, 1585px\" \/>\t\t\t\t\t\t\t\t<\/a>\n\t\t\t\t\t\t\t\t\t\t\t\t\t<\/div>\n\t\t\t\t<\/div>\n\t\t\t\t\t<\/div>\n\t\t<\/div>\n\t\t\t\t<div class=\"elementor-column elementor-col-50 elementor-top-column elementor-element elementor-element-8dbeb37\" data-id=\"8dbeb37\" data-element_type=\"column\">\n\t\t\t<div class=\"elementor-widget-wrap elementor-element-populated\">\n\t\t\t\t\t\t<div class=\"elementor-element elementor-element-2f23fd8 gloock elementor-widget elementor-widget-heading\" data-id=\"2f23fd8\" data-element_type=\"widget\" data-widget_type=\"heading.default\">\n\t\t\t\t<div class=\"elementor-widget-container\">\n\t\t\t<h2 class=\"elementor-heading-title elementor-size-default\"><a href=\"https:\/\/kastelgroup.ro\/autori\/pompei-mititean\/\">Pompei Mititean<\/a><\/h2>\t\t<\/div>\n\t\t\t\t<\/div>\n\t\t\t\t<div class=\"elementor-element elementor-element-a374965 elementor-widget elementor-widget-text-editor\" data-id=\"a374965\" data-element_type=\"widget\" data-widget_type=\"text-editor.default\">\n\t\t\t\t<div class=\"elementor-widget-container\">\n\t\t\t\t\t\t\t<p>Pompei Mititean reprezint\u0103 o figur\u0103 de seam\u0103 \u00een domeniul contabilit\u0103\u021bii, disting\u00e2ndu-se prin educa\u021bia sa de elit\u0103 \u0219i o vast\u0103 experien\u021b\u0103 profesional\u0103. Cu un titlu de Doctor \u00een Contabilitate ob\u021binut la prestigioasa Academia de Studii Economice din Bucure\u0219ti \u00een iulie 2022, Pompei nu doar c\u0103 a excelat \u00een domeniul s\u0103u, dar \u0219i-a asumat rolul de lider \u00een educa\u021bia academic\u0103, activ\u00e2nd ca asistent universitar doctor \u00een cadrul Facult\u0103\u021bii de Management de la SNSPA.<\/p>\t\t\t\t\t\t<\/div>\n\t\t\t\t<\/div>\n\t\t\t\t<div class=\"elementor-element elementor-element-5e093e8 elementor-widget elementor-widget-image\" data-id=\"5e093e8\" data-element_type=\"widget\" data-widget_type=\"image.default\">\n\t\t\t\t<div class=\"elementor-widget-container\">\n\t\t\t\t\t\t\t\t\t\t\t\t\t\t<a href=\"https:\/\/kastelgroup.ro\/autori\/beatrice-bungo\/\">\n\t\t\t\t\t\t\t<img decoding=\"async\" src=\"https:\/\/kastelgroup.ro\/wp-content\/uploads\/2023\/06\/Group-219.svg\" class=\"attachment-full size-full wp-image-100000000001934\" alt=\"access arrow\" \/>\t\t\t\t\t\t\t\t<\/a>\n\t\t\t\t\t\t\t\t\t\t\t\t\t<\/div>\n\t\t\t\t<\/div>\n\t\t\t\t\t<\/div>\n\t\t<\/div>\n\t\t\t\t\t<\/div>\n\t\t<\/section>\n\t\t\t\t<section class=\"elementor-section elementor-top-section elementor-element elementor-element-6dd0238 elementor-section-content-middle rand-autor elementor-section-boxed elementor-section-height-default elementor-section-height-default\" data-id=\"6dd0238\" data-element_type=\"section\">\n\t\t\t\t\t\t<div class=\"elementor-container elementor-column-gap-default\">\n\t\t\t\t\t<div class=\"elementor-column elementor-col-50 elementor-top-column elementor-element elementor-element-d32eb8d\" data-id=\"d32eb8d\" data-element_type=\"column\">\n\t\t\t<div class=\"elementor-widget-wrap elementor-element-populated\">\n\t\t\t\t\t\t<div class=\"elementor-element elementor-element-b8ecd20 elementor-widget elementor-widget-image\" data-id=\"b8ecd20\" data-element_type=\"widget\" data-widget_type=\"image.default\">\n\t\t\t\t<div class=\"elementor-widget-container\">\n\t\t\t\t\t\t\t\t\t\t\t\t\t\t<a href=\"https:\/\/kastelgroup.ro\/autori\/adelina-balan\/\">\n\t\t\t\t\t\t\t<img decoding=\"async\" width=\"1707\" height=\"2560\" src=\"https:\/\/kastelgroup.ro\/wp-content\/uploads\/2024\/04\/Adelina-Balan-scaled.jpg\" class=\"attachment-full size-full wp-image-100000000002651\" alt=\"Adelina Balan - Autor Kastel Group\" srcset=\"https:\/\/kastelgroup.ro\/wp-content\/uploads\/2024\/04\/Adelina-Balan-scaled.jpg 1707w, https:\/\/kastelgroup.ro\/wp-content\/uploads\/2024\/04\/Adelina-Balan-200x300.jpg 200w, https:\/\/kastelgroup.ro\/wp-content\/uploads\/2024\/04\/Adelina-Balan-683x1024.jpg 683w, https:\/\/kastelgroup.ro\/wp-content\/uploads\/2024\/04\/Adelina-Balan-768x1152.jpg 768w, https:\/\/kastelgroup.ro\/wp-content\/uploads\/2024\/04\/Adelina-Balan-1024x1536.jpg 1024w, https:\/\/kastelgroup.ro\/wp-content\/uploads\/2024\/04\/Adelina-Balan-1365x2048.jpg 1365w\" sizes=\"(max-width: 1707px) 100vw, 1707px\" \/>\t\t\t\t\t\t\t\t<\/a>\n\t\t\t\t\t\t\t\t\t\t\t\t\t<\/div>\n\t\t\t\t<\/div>\n\t\t\t\t\t<\/div>\n\t\t<\/div>\n\t\t\t\t<div class=\"elementor-column elementor-col-50 elementor-top-column elementor-element elementor-element-018674d\" data-id=\"018674d\" data-element_type=\"column\">\n\t\t\t<div class=\"elementor-widget-wrap elementor-element-populated\">\n\t\t\t\t\t\t<div class=\"elementor-element elementor-element-c92581c gloock elementor-widget elementor-widget-heading\" data-id=\"c92581c\" data-element_type=\"widget\" data-widget_type=\"heading.default\">\n\t\t\t\t<div class=\"elementor-widget-container\">\n\t\t\t<h2 class=\"elementor-heading-title elementor-size-default\"><a href=\"https:\/\/kastelgroup.ro\/autori\/adelina-balan\/\">Adelina B\u0103lan<\/a><\/h2>\t\t<\/div>\n\t\t\t\t<\/div>\n\t\t\t\t<div class=\"elementor-element elementor-element-9d50807 elementor-widget elementor-widget-text-editor\" data-id=\"9d50807\" data-element_type=\"widget\" data-widget_type=\"text-editor.default\">\n\t\t\t\t<div class=\"elementor-widget-container\">\n\t\t\t\t\t\t\t<p>Adelina B\u0103lan este o prezen\u021b\u0103 remarcabil\u0103 \u00een peisajul crea\u021biei de con\u021binut, disting\u00e2ndu-se prin abilit\u0103\u021bile ei de content writer \u0219i ghostwriter. Cu o abordare etic\u0103 \u0219i strategic\u0103, Adelina redefine\u0219te conceptul de &#8220;brand humanizer&#8221;, o denumire care reflect\u0103 magistral efectul pe care \u00eel imprim\u0103 textelor sale &#8211; acela de a ad\u0103uga emo\u021bie \u0219i umanitate \u00een orice context, fie c\u0103 este vorba despre o simpl\u0103 postare pe LinkedIn \u00een domeniul construc\u021biilor, un newsletter educativ, sau articole specializate \u00een real estate, s\u0103n\u0103tate sau psihologie.\u00a0<\/p>\t\t\t\t\t\t<\/div>\n\t\t\t\t<\/div>\n\t\t\t\t<div class=\"elementor-element elementor-element-7d2cab2 elementor-widget elementor-widget-image\" data-id=\"7d2cab2\" data-element_type=\"widget\" data-widget_type=\"image.default\">\n\t\t\t\t<div class=\"elementor-widget-container\">\n\t\t\t\t\t\t\t\t\t\t\t\t\t\t<a href=\"https:\/\/kastelgroup.ro\/autori\/beatrice-bungo\/\">\n\t\t\t\t\t\t\t<img decoding=\"async\" src=\"https:\/\/kastelgroup.ro\/wp-content\/uploads\/2023\/06\/Group-219.svg\" class=\"attachment-full size-full wp-image-100000000001934\" alt=\"access arrow\" \/>\t\t\t\t\t\t\t\t<\/a>\n\t\t\t\t\t\t\t\t\t\t\t\t\t<\/div>\n\t\t\t\t<\/div>\n\t\t\t\t\t<\/div>\n\t\t<\/div>\n\t\t\t\t\t<\/div>\n\t\t<\/section>\n\t\t\t\t<\/div>\n\t\t","protected":false},"excerpt":{"rendered":"<p>Autori Kastel News Beatrice Bungo Beatrice Bungo aduce un bagaj impresionant de experien\u021b\u0103 \u0219i pasiune \u00een echipa Kastel Group, consolid\u00e2nd identitatea brandului prin pove\u0219ti captivante \u0219i con\u021binut inovator. Cu r\u0103d\u0103cini \u00een jurnalism, Beatrice a \u00eembr\u0103\u021bi\u0219at scrisul ca pe prima sa dragoste, o form\u0103 de exprimare care \u00eei permite s\u0103 exploreze at\u00e2t dimensiuni personale, c\u00e2t \u0219i [&hellip;]<\/p>\n","protected":false},"author":10,"featured_media":0,"parent":0,"menu_order":0,"comment_status":"closed","ping_status":"closed","template":"elementor_header_footer","meta":{"footnotes":""},"_links":{"self":[{"href":"https:\/\/kastelgroup.ro\/en\/wp-json\/wp\/v2\/pages\/100000000002647"}],"collection":[{"href":"https:\/\/kastelgroup.ro\/en\/wp-json\/wp\/v2\/pages"}],"about":[{"href":"https:\/\/kastelgroup.ro\/en\/wp-json\/wp\/v2\/types\/page"}],"author":[{"embeddable":true,"href":"https:\/\/kastelgroup.ro\/en\/wp-json\/wp\/v2\/users\/10"}],"replies":[{"embeddable":true,"href":"https:\/\/kastelgroup.ro\/en\/wp-json\/wp\/v2\/comments?post=100000000002647"}],"version-history":[{"count":0,"href":"https:\/\/kastelgroup.ro\/en\/wp-json\/wp\/v2\/pages\/100000000002647\/revisions"}],"wp:attachment":[{"href":"https:\/\/kastelgroup.ro\/en\/wp-json\/wp\/v2\/media?parent=100000000002647"}],"curies":[{"name":"wp","href":"https:\/\/api.w.org\/{rel}","templated":true}]}}