{"id":100000000002015,"date":"2023-08-07T15:50:21","date_gmt":"2023-08-07T13:50:21","guid":{"rendered":"https:\/\/kastelgroup.ro\/?page_id=100000000002015"},"modified":"2024-05-24T07:38:46","modified_gmt":"2024-05-24T05:38:46","slug":"consultanta-gratuita","status":"publish","type":"page","link":"https:\/\/kastelgroup.ro\/en\/consultanta-gratuita\/","title":{"rendered":"Consultan\u021b\u0103 Gratuit\u0103"},"content":{"rendered":"\t\t<div data-elementor-type=\"wp-page\" data-elementor-id=\"100000000002015\" class=\"elementor elementor-100000000002015\">\n\t\t\t\t\t\t<section class=\"elementor-section elementor-top-section elementor-element elementor-element-095f3ff elementor-hidden-desktop elementor-hidden-tablet elementor-hidden-phone elementor-section-boxed elementor-section-height-default elementor-section-height-default\" data-id=\"095f3ff\" data-element_type=\"section\">\n\t\t\t\t\t\t<div class=\"elementor-container elementor-column-gap-default\">\n\t\t\t\t\t<div class=\"elementor-column elementor-col-100 elementor-top-column elementor-element elementor-element-33a267c\" data-id=\"33a267c\" data-element_type=\"column\">\n\t\t\t<div class=\"elementor-widget-wrap elementor-element-populated\">\n\t\t\t\t\t\t<div class=\"elementor-element elementor-element-a4a314a elementor-widget elementor-widget-shortcode\" data-id=\"a4a314a\" data-element_type=\"widget\" data-widget_type=\"shortcode.default\">\n\t\t\t\t<div class=\"elementor-widget-container\">\n\t\t\t\t\t<div class=\"elementor-shortcode\"><div id=\"calendly-inline-widget\" data-url=\"https:\/\/calendly.com\/alin-85q\/friends\" class=\"calendly-inline-widget \" data-url=\"https:\/\/calendly.com\/alin-85q\/friends\"\n                     style=\"height:400px; min-width:600px\"><\/div><\/div>\n\t\t\t\t<\/div>\n\t\t\t\t<\/div>\n\t\t\t\t\t<\/div>\n\t\t<\/div>\n\t\t\t\t\t<\/div>\n\t\t<\/section>\n\t\t\t\t<section class=\"elementor-section elementor-top-section elementor-element elementor-element-174e52b elementor-section-content-middle elementor-section-boxed elementor-section-height-default elementor-section-height-default\" data-id=\"174e52b\" data-element_type=\"section\">\n\t\t\t\t\t\t<div class=\"elementor-container elementor-column-gap-default\">\n\t\t\t\t\t<div class=\"elementor-column elementor-col-50 elementor-top-column elementor-element elementor-element-fb66443\" data-id=\"fb66443\" data-element_type=\"column\">\n\t\t\t<div class=\"elementor-widget-wrap elementor-element-populated\">\n\t\t\t\t\t\t<div class=\"elementor-element elementor-element-f7af583 gloock elementor-widget elementor-widget-heading\" data-id=\"f7af583\" data-element_type=\"widget\" data-widget_type=\"heading.default\">\n\t\t\t\t<div class=\"elementor-widget-container\">\n\t\t\t<h2 class=\"elementor-heading-title elementor-size-default\">Free consultancy<\/h2>\t\t<\/div>\n\t\t\t\t<\/div>\n\t\t\t\t<div class=\"elementor-element elementor-element-788ba5f elementor-widget elementor-widget-text-editor\" data-id=\"788ba5f\" data-element_type=\"widget\" data-widget_type=\"text-editor.default\">\n\t\t\t\t<div class=\"elementor-widget-container\">\n\t\t\t\t\t\t\t<p>Our real estate specialists are open to questions, challenges, or any uncertainties that you might want to address.<\/p>\t\t\t\t\t\t<\/div>\n\t\t\t\t<\/div>\n\t\t\t\t<div class=\"elementor-element elementor-element-3d1eb03 elementor-widget elementor-widget-text-editor\" data-id=\"3d1eb03\" data-element_type=\"widget\" data-widget_type=\"text-editor.default\">\n\t\t\t\t<div class=\"elementor-widget-container\">\n\t\t\t\t\t\t\t<p>In order to have a productive meeting, please answer the following questions. Your answers will not be public. We\u2019ll just use them to set the tone for our discussion. <br \/><\/p>\t\t\t\t\t\t<\/div>\n\t\t\t\t<\/div>\n\t\t\t\t\t<\/div>\n\t\t<\/div>\n\t\t\t\t<div class=\"elementor-column elementor-col-50 elementor-top-column elementor-element elementor-element-45fe682\" data-id=\"45fe682\" data-element_type=\"column\" id=\"cg_coloana_chestionar\" data-settings=\"{&quot;background_background&quot;:&quot;classic&quot;}\">\n\t\t\t<div class=\"elementor-widget-wrap elementor-element-populated\">\n\t\t\t\t\t\t<div class=\"elementor-element elementor-element-209aba8 elementor-widget elementor-widget-html\" data-id=\"209aba8\" data-element_type=\"widget\" id=\"cg_bara_progress_holder\" data-widget_type=\"html.default\">\n\t\t\t\t<div class=\"elementor-widget-container\">\n\t\t\t<div id=\"cg_bara_progress\"><span class=\"cg_progress\"><\/span><\/div>\t\t<\/div>\n\t\t\t\t<\/div>\n\t\t\t\t<div class=\"elementor-element elementor-element-6d89cf1 elementor-widget elementor-widget-text-editor\" data-id=\"6d89cf1\" data-element_type=\"widget\" id=\"cg_disclaimer\" data-widget_type=\"text-editor.default\">\n\t\t\t\t<div class=\"elementor-widget-container\">\n\t\t\t\t\t\t\t<p>* Your answers will not be made public, but set the stage for our discussion.<\/p>\t\t\t\t\t\t<\/div>\n\t\t\t\t<\/div>\n\t\t\t\t<section class=\"elementor-section elementor-inner-section elementor-element elementor-element-9c11e83 elementor-section-boxed elementor-section-height-default elementor-section-height-default\" data-id=\"9c11e83\" data-element_type=\"section\" id=\"cg_intrebare1\">\n\t\t\t\t\t\t<div class=\"elementor-container elementor-column-gap-default\">\n\t\t\t\t\t<div class=\"elementor-column elementor-col-100 elementor-inner-column elementor-element elementor-element-a355c63\" data-id=\"a355c63\" data-element_type=\"column\">\n\t\t\t<div class=\"elementor-widget-wrap elementor-element-populated\">\n\t\t\t\t\t\t<div class=\"elementor-element elementor-element-045336c elementor-widget elementor-widget-text-editor\" data-id=\"045336c\" data-element_type=\"widget\" data-widget_type=\"text-editor.default\">\n\t\t\t\t<div class=\"elementor-widget-container\">\n\t\t\t\t\t\t\t<p><strong>Question 1<\/strong><\/p>\t\t\t\t\t\t<\/div>\n\t\t\t\t<\/div>\n\t\t\t\t<div class=\"elementor-element elementor-element-6f7489d gloock elementor-widget elementor-widget-heading\" data-id=\"6f7489d\" data-element_type=\"widget\" data-widget_type=\"heading.default\">\n\t\t\t\t<div class=\"elementor-widget-container\">\n\t\t\t<h3 class=\"elementor-heading-title elementor-size-default\">How many properties do you have? <\/h3>\t\t<\/div>\n\t\t\t\t<\/div>\n\t\t\t\t<div class=\"elementor-element elementor-element-2bfe394 elementor-widget elementor-widget-html\" data-id=\"2bfe394\" data-element_type=\"widget\" data-widget_type=\"html.default\">\n\t\t\t\t<div class=\"elementor-widget-container\">\n\t\t\t    <div id=\"cg_proprietati_cate\">\r\n        <div id=\"cg_proprietati_nr_predefinite\">\r\n            <label for=\"cg_01\">01<\/label>\r\n            <label for=\"cg_02\">02<\/label>\r\n            <label for=\"cg_03\">03<\/label>\r\n            <label for=\"cg_04\">04<\/label>\r\n            <label for=\"cg_05\">05+<\/label>\r\n        <\/div>\r\n        <div id=\"cg_proprietati_nr_custom\">\r\n            <input data-placeholder=\"Alt\u0103 op\u021biune (te rug\u0103m s\u0103 completezi aici)\" placeholder=\"Alt\u0103 op\u021biune (te rug\u0103m s\u0103 completezi aici)\" \/>\r\n        <\/div>\r\n        <button><span>Urm\u0103toarea \u00eentrebare<\/span><\/button>\r\n    <\/div>\t\t<\/div>\n\t\t\t\t<\/div>\n\t\t\t\t\t<\/div>\n\t\t<\/div>\n\t\t\t\t\t<\/div>\n\t\t<\/section>\n\t\t\t\t<section class=\"elementor-section elementor-inner-section elementor-element elementor-element-35bcf8d elementor-hidden-desktop elementor-hidden-tablet elementor-hidden-phone elementor-section-boxed elementor-section-height-default elementor-section-height-default\" data-id=\"35bcf8d\" data-element_type=\"section\" id=\"cg_intrebare2\">\n\t\t\t\t\t\t<div class=\"elementor-container elementor-column-gap-default\">\n\t\t\t\t\t<div class=\"elementor-column elementor-col-100 elementor-inner-column elementor-element elementor-element-59bddb8\" data-id=\"59bddb8\" data-element_type=\"column\">\n\t\t\t<div class=\"elementor-widget-wrap elementor-element-populated\">\n\t\t\t\t\t\t<div class=\"elementor-element elementor-element-af2cd58 elementor-widget elementor-widget-text-editor\" data-id=\"af2cd58\" data-element_type=\"widget\" data-widget_type=\"text-editor.default\">\n\t\t\t\t<div class=\"elementor-widget-container\">\n\t\t\t\t\t\t\t<p><strong>\u00centrebarea anterioar\u0103<\/strong><\/p><p><strong>\u00centrebarea 2<\/strong><\/p>\t\t\t\t\t\t<\/div>\n\t\t\t\t<\/div>\n\t\t\t\t<div class=\"elementor-element elementor-element-921802c gloock elementor-widget elementor-widget-heading\" data-id=\"921802c\" data-element_type=\"widget\" data-widget_type=\"heading.default\">\n\t\t\t\t<div class=\"elementor-widget-container\">\n\t\t\t<h3 class=\"elementor-heading-title elementor-size-default\">Care sunt veniturile pe care le estimezi, din chirii sau v\u00e2nzarea de imobile, \u00een 2023?<\/h3>\t\t<\/div>\n\t\t\t\t<\/div>\n\t\t\t\t<div class=\"elementor-element elementor-element-6c35c2a elementor-widget elementor-widget-html\" data-id=\"6c35c2a\" data-element_type=\"widget\" data-widget_type=\"html.default\">\n\t\t\t\t<div class=\"elementor-widget-container\">\n\t\t\t<div id=\"cg_venituri_estimate\">\r\n        <textarea placeholder=\"Te rug\u0103m s\u0103 completezi aici r\u0103spunsul t\u0103u...\" data-placeholder=\"Te rug\u0103m s\u0103 completezi aici r\u0103spunsul t\u0103u...\"><\/textarea>\r\n        <button><span>Urm\u0103toarea \u00eentrebare<\/span><\/button>\r\n    <\/div>\r\n\t\t<\/div>\n\t\t\t\t<\/div>\n\t\t\t\t\t<\/div>\n\t\t<\/div>\n\t\t\t\t\t<\/div>\n\t\t<\/section>\n\t\t\t\t<section class=\"elementor-section elementor-inner-section elementor-element elementor-element-51ebc54 elementor-hidden-desktop elementor-hidden-tablet elementor-hidden-phone elementor-section-boxed elementor-section-height-default elementor-section-height-default\" data-id=\"51ebc54\" data-element_type=\"section\" id=\"cg_intrebare3\">\n\t\t\t\t\t\t<div class=\"elementor-container elementor-column-gap-default\">\n\t\t\t\t\t<div class=\"elementor-column elementor-col-100 elementor-inner-column elementor-element elementor-element-03afd02\" data-id=\"03afd02\" data-element_type=\"column\">\n\t\t\t<div class=\"elementor-widget-wrap elementor-element-populated\">\n\t\t\t\t\t\t<div class=\"elementor-element elementor-element-58a5101 elementor-widget elementor-widget-text-editor\" data-id=\"58a5101\" data-element_type=\"widget\" data-widget_type=\"text-editor.default\">\n\t\t\t\t<div class=\"elementor-widget-container\">\n\t\t\t\t\t\t\t<p><strong>\u00centrebarea anterioar\u0103<\/strong><\/p><p><strong>\u00centrebarea 3<\/strong><\/p>\t\t\t\t\t\t<\/div>\n\t\t\t\t<\/div>\n\t\t\t\t<div class=\"elementor-element elementor-element-9d6eed8 gloock elementor-widget elementor-widget-heading\" data-id=\"9d6eed8\" data-element_type=\"widget\" data-widget_type=\"heading.default\">\n\t\t\t\t<div class=\"elementor-widget-container\">\n\t\t\t<h3 class=\"elementor-heading-title elementor-size-default\">Unde ai prefera s\u0103 ne \u00eent\u00e2lnim?<\/h3>\t\t<\/div>\n\t\t\t\t<\/div>\n\t\t\t\t<div class=\"elementor-element elementor-element-f8d3f87 elementor-widget elementor-widget-html\" data-id=\"f8d3f87\" data-element_type=\"widget\" data-widget_type=\"html.default\">\n\t\t\t\t<div class=\"elementor-widget-container\">\n\t\t\t    <div id=\"cg_loc_intalnire\">\r\n        <label for=\"cg_birou_buc\">La birourile Kastel din Bucure\u0219ti<\/label>\r\n        <label for=\"cg_online\">Online<\/label>\r\n        <button><span>Hai s\u0103 stabilim o dat\u0103<\/span><\/button>\r\n    <\/div>\t\t<\/div>\n\t\t\t\t<\/div>\n\t\t\t\t\t<\/div>\n\t\t<\/div>\n\t\t\t\t\t<\/div>\n\t\t<\/section>\n\t\t\t\t<section class=\"elementor-section elementor-inner-section elementor-element elementor-element-4b4b9c9 elementor-hidden-desktop elementor-hidden-tablet elementor-hidden-phone elementor-section-boxed elementor-section-height-default elementor-section-height-default\" data-id=\"4b4b9c9\" data-element_type=\"section\" id=\"cg_calendly\">\n\t\t\t\t\t\t<div class=\"elementor-container elementor-column-gap-default\">\n\t\t\t\t\t<div class=\"elementor-column elementor-col-100 elementor-inner-column elementor-element elementor-element-2d9f3a4\" data-id=\"2d9f3a4\" data-element_type=\"column\">\n\t\t\t<div class=\"elementor-widget-wrap elementor-element-populated\">\n\t\t\t\t\t\t<div class=\"elementor-element elementor-element-59e0847 elementor-widget elementor-widget-text-editor\" data-id=\"59e0847\" data-element_type=\"widget\" data-widget_type=\"text-editor.default\">\n\t\t\t\t<div class=\"elementor-widget-container\">\n\t\t\t\t\t\t\t<p><strong>\u00cenapoi<\/strong><\/p><p><strong>C\u00e2nd s\u0103 ne \u00eent\u00e2lnim?<\/strong><\/p>\t\t\t\t\t\t<\/div>\n\t\t\t\t<\/div>\n\t\t\t\t<div class=\"elementor-element elementor-element-f75dad9 elementor-widget elementor-widget-html\" data-id=\"f75dad9\" data-element_type=\"widget\" data-widget_type=\"html.default\">\n\t\t\t\t<div class=\"elementor-widget-container\">\n\t\t\t<!-- Calendly inline widget begin -->\r\n<div class=\"calendly-inline-widget\" data-url=\"https:\/\/calendly.com\/christian-tudorache?hide_landing_page_details=1&hide_gdpr_banner=1&text_color=000000&primary_color=f0592a\" style=\"min-width:320px;height:400px;\"><\/div>\r\n<script type=\"text\/javascript\" src=\"https:\/\/assets.calendly.com\/assets\/external\/widget.js\" async><\/script>\r\n<!-- Calendly inline widget end -->\t\t<\/div>\n\t\t\t\t<\/div>\n\t\t\t\t\t<\/div>\n\t\t<\/div>\n\t\t\t\t\t<\/div>\n\t\t<\/section>\n\t\t\t\t\t<\/div>\n\t\t<\/div>\n\t\t\t\t\t<\/div>\n\t\t<\/section>\n\t\t\t\t<\/div>\n\t\t","protected":false},"excerpt":{"rendered":"<p>Free consultancy Our real estate specialists are open to questions, challenges, or any uncertainties that you might want to address. In order to have a productive meeting, please answer the following questions. Your answers will not be public. We\u2019ll just use them to set the tone for our discussion. * Your answers will not be [&hellip;]<\/p>\n","protected":false},"author":10,"featured_media":0,"parent":0,"menu_order":0,"comment_status":"closed","ping_status":"closed","template":"elementor_header_footer","meta":{"footnotes":""},"_links":{"self":[{"href":"https:\/\/kastelgroup.ro\/en\/wp-json\/wp\/v2\/pages\/100000000002015"}],"collection":[{"href":"https:\/\/kastelgroup.ro\/en\/wp-json\/wp\/v2\/pages"}],"about":[{"href":"https:\/\/kastelgroup.ro\/en\/wp-json\/wp\/v2\/types\/page"}],"author":[{"embeddable":true,"href":"https:\/\/kastelgroup.ro\/en\/wp-json\/wp\/v2\/users\/10"}],"replies":[{"embeddable":true,"href":"https:\/\/kastelgroup.ro\/en\/wp-json\/wp\/v2\/comments?post=100000000002015"}],"version-history":[{"count":0,"href":"https:\/\/kastelgroup.ro\/en\/wp-json\/wp\/v2\/pages\/100000000002015\/revisions"}],"wp:attachment":[{"href":"https:\/\/kastelgroup.ro\/en\/wp-json\/wp\/v2\/media?parent=100000000002015"}],"curies":[{"name":"wp","href":"https:\/\/api.w.org\/{rel}","templated":true}]}}