{"id":100000000000334,"date":"2017-03-14T14:57:39","date_gmt":"2017-03-14T12:57:39","guid":{"rendered":"https:\/\/kastelgroup.ro\/en\/?page_id=100000000000334"},"modified":"2024-03-04T11:59:29","modified_gmt":"2024-03-04T09:59:29","slug":"off-market","status":"publish","type":"page","link":"https:\/\/kastelgroup.ro\/en\/off-market\/","title":{"rendered":"Off Market"},"content":{"rendered":"\t\t<div data-elementor-type=\"wp-page\" data-elementor-id=\"100000000000334\" class=\"elementor elementor-100000000000334\">\n\t\t\t\t\t\t<section class=\"elementor-section elementor-top-section elementor-element elementor-element-ff7fbac elementor-section-height-min-height elementor-section-boxed elementor-section-height-default elementor-section-items-middle\" data-id=\"ff7fbac\" data-element_type=\"section\" id=\"off-market-rand1\" data-settings=\"{&quot;background_background&quot;:&quot;classic&quot;}\">\n\t\t\t\t\t\t\t<div class=\"elementor-background-overlay\"><\/div>\n\t\t\t\t\t\t\t<div class=\"elementor-container elementor-column-gap-default\">\n\t\t\t\t\t<div class=\"elementor-column elementor-col-50 elementor-top-column elementor-element elementor-element-f455abe\" data-id=\"f455abe\" data-element_type=\"column\">\n\t\t\t<div class=\"elementor-widget-wrap elementor-element-populated\">\n\t\t\t\t\t\t<div class=\"elementor-element elementor-element-b519e97 elementor-widget elementor-widget-text-editor\" data-id=\"b519e97\" data-element_type=\"widget\" data-widget_type=\"text-editor.default\">\n\t\t\t\t<div class=\"elementor-widget-container\">\n\t\t\t\t\t\t\t<p>Imobiliare Off Market<\/p>\t\t\t\t\t\t<\/div>\n\t\t\t\t<\/div>\n\t\t\t\t<div class=\"elementor-element elementor-element-6d87f25 gloock elementor-widget elementor-widget-heading\" data-id=\"6d87f25\" data-element_type=\"widget\" data-widget_type=\"heading.default\">\n\t\t\t\t<div class=\"elementor-widget-container\">\n\t\t\t<h1 class=\"elementor-heading-title elementor-size-default\">Cele mai importante decizii merit\u0103 toat\u0103 aten\u021bia noastr\u0103<\/h1>\t\t<\/div>\n\t\t\t\t<\/div>\n\t\t\t\t<div class=\"elementor-element elementor-element-aad2f8e elementor-widget elementor-widget-text-editor\" data-id=\"aad2f8e\" data-element_type=\"widget\" data-widget_type=\"text-editor.default\">\n\t\t\t\t<div class=\"elementor-widget-container\">\n\t\t\t\t\t\t\t<p>Le-am \u00eenchiriat sau v\u00e2ndut la un moment dat \u0219i le-am p\u0103strat cu m\u00e2ndrie \u00een portofoliul Kastel. Una dintre ele s-ar putea s\u0103 te fac\u0103 s\u0103 spui instant \u201eVreau s\u0103 cump\u0103r proprietatea asta!&#8221;.<\/p><p><strong> Dac\u0103 e\u0219ti gata s\u0103 faci o ofert\u0103 de achizi\u021bie, gaseste imobilul potrivit<\/strong><\/p>\t\t\t\t\t\t<\/div>\n\t\t\t\t<\/div>\n\t\t\t\t\t<\/div>\n\t\t<\/div>\n\t\t\t\t<div class=\"elementor-column elementor-col-50 elementor-top-column elementor-element elementor-element-9e9726b\" data-id=\"9e9726b\" data-element_type=\"column\">\n\t\t\t<div class=\"elementor-widget-wrap\">\n\t\t\t\t\t\t\t<\/div>\n\t\t<\/div>\n\t\t\t\t\t<\/div>\n\t\t<\/section>\n\t\t\t\t<\/div>\n\t\t","protected":false},"excerpt":{"rendered":"<p>Imobiliare Off Market Cele mai importante decizii merit\u0103 toat\u0103 aten\u021bia noastr\u0103 Le-am \u00eenchiriat sau v\u00e2ndut la un moment dat \u0219i le-am p\u0103strat cu m\u00e2ndrie \u00een portofoliul Kastel. Una dintre ele s-ar putea s\u0103 te fac\u0103 s\u0103 spui instant \u201eVreau s\u0103 cump\u0103r proprietatea asta!&#8221;. Dac\u0103 e\u0219ti gata s\u0103 faci o ofert\u0103 de achizi\u021bie, gaseste imobilul potrivit<\/p>\n","protected":false},"author":1,"featured_media":0,"parent":0,"menu_order":0,"comment_status":"closed","ping_status":"closed","template":"page-templates\/properties-search-offmarket.php","meta":{"footnotes":""},"_links":{"self":[{"href":"https:\/\/kastelgroup.ro\/en\/wp-json\/wp\/v2\/pages\/100000000000334"}],"collection":[{"href":"https:\/\/kastelgroup.ro\/en\/wp-json\/wp\/v2\/pages"}],"about":[{"href":"https:\/\/kastelgroup.ro\/en\/wp-json\/wp\/v2\/types\/page"}],"author":[{"embeddable":true,"href":"https:\/\/kastelgroup.ro\/en\/wp-json\/wp\/v2\/users\/1"}],"replies":[{"embeddable":true,"href":"https:\/\/kastelgroup.ro\/en\/wp-json\/wp\/v2\/comments?post=100000000000334"}],"version-history":[{"count":0,"href":"https:\/\/kastelgroup.ro\/en\/wp-json\/wp\/v2\/pages\/100000000000334\/revisions"}],"wp:attachment":[{"href":"https:\/\/kastelgroup.ro\/en\/wp-json\/wp\/v2\/media?parent=100000000000334"}],"curies":[{"name":"wp","href":"https:\/\/api.w.org\/{rel}","templated":true}]}}